{"id":303,"date":"2024-06-18T11:43:09","date_gmt":"2024-06-18T11:43:09","guid":{"rendered":"https:\/\/usestavisa.com\/cookie-policy\/"},"modified":"2024-06-18T11:43:09","modified_gmt":"2024-06-18T11:43:09","slug":"cookie-policy","status":"publish","type":"page","link":"https:\/\/usestavisa.com\/fr\/politique-en-matiere-de-cookies\/","title":{"rendered":"Politique en mati\u00e8re de cookies"},"content":{"rendered":"<p><strong>Politique en mati\u00e8re de cookies<\/strong><br \/>\n  02 avril 2024<br \/>\n  https:\/\/usestavisa.com s'engage \u00e0 prot\u00e9ger votre vie priv\u00e9e en ligne.<\/p>\n<p><strong>Quelles sont les informations que nous recueillons ?<\/strong><\/p>\n<p>Nous recueillons des informations aupr\u00e8s de vous lorsque vous visitez notre site. Lors de la soumission ou de l'enregistrement sur notre site, il peut vous \u00eatre demand\u00e9 d'entrer votre : nom ou votre adresse \u00e9lectronique. Vous pouvez toutefois visiter notre site de mani\u00e8re anonyme.<\/p>\n<p><strong>Quelles sont les informations que nous recueillons ?<\/strong><\/p>\n<p>Nous recueillons des informations aupr\u00e8s de vous lorsque vous visitez notre site. Lors de la soumission ou de l'enregistrement sur notre site, il peut vous \u00eatre demand\u00e9 d'entrer votre : nom ou votre adresse \u00e9lectronique. Vous pouvez toutefois visiter notre site de mani\u00e8re anonyme.<\/p>\n<p><strong>\u00c0 quelles fins utilisons-nous vos informations ?<\/strong><\/p>\n<p>Les informations que nous recueillons aupr\u00e8s de vous peuvent \u00eatre utilis\u00e9es de l'une des mani\u00e8res suivantes :<\/p>\n<p>-Am\u00e9liorer notre site web<\/p>\n<p>-Am\u00e9liorer le service \u00e0 la client\u00e8le<\/p>\n<p><strong>Cookies<\/strong><\/p>\n<p>Les cookies sont de petits fichiers qu'un site ou son fournisseur de services transf\u00e8re sur le disque dur de votre ordinateur par l'interm\u00e9diaire de votre navigateur Web (si vous l'autorisez) et qui permet aux syst\u00e8mes des sites ou des fournisseurs de services de reconna\u00eetre votre navigateur et de capturer et m\u00e9moriser certaines informations. Nous utilisons les cookies pour comprendre et enregistrer vos pr\u00e9f\u00e9rences pour vos prochaines visites.<\/p>\n<p><strong>Politique de confidentialit\u00e9 en ligne uniquement<\/strong><\/p>\n<p>Cette politique de confidentialit\u00e9 en ligne ne s'applique qu'aux informations collect\u00e9es sur notre site web et non aux informations collect\u00e9es hors ligne.<\/p>\n<p><strong>Modifications de notre politique de confidentialit\u00e9<\/strong><\/p>\n<p>Si nous d\u00e9cidons de modifier notre politique de confidentialit\u00e9, nous publierons ces changements sur cette page. Si vous avez des questions ou des suggestions concernant notre politique de confidentialit\u00e9, n'h\u00e9sitez pas \u00e0 nous contacter et nous vous r\u00e9pondrons dans les plus brefs d\u00e9lais.<\/p>","protected":false},"excerpt":{"rendered":"<p>Cookie Policy Apr 02, 2024 https:\/\/usestavisa.com is committed to protecting your privacy online. What information do we collect? We collect information from you when you visit our site. When submitting or registering on our site, you may be asked to enter your: name or e-mail address. You may, however, visit our site anonymously. What information&#8230;<\/p>","protected":false},"author":2,"featured_media":0,"parent":0,"menu_order":0,"comment_status":"closed","ping_status":"closed","template":"","meta":{"footnotes":""},"class_list":["post-303","page","type-page","status-publish","hentry"],"yoast_head":"<!-- This site is optimized with the Yoast SEO plugin v27.1.1 - https:\/\/yoast.com\/product\/yoast-seo-wordpress\/ -->\n<title>Cookie Policy - US ESTA Application | usestavisa.com<\/title>\n<meta name=\"description\" content=\"Cookie Policy Apr 02, 2024 https:\/\/usestavisa.com is committed to protecting your privacy online. What information do we collect? We collect information Everything you need to know about the US ESTA visa waiver program. Apply online, check requirements &amp; processing times.\" \/>\n<meta name=\"robots\" content=\"index, follow, max-snippet:-1, max-image-preview:large, max-video-preview:-1\" \/>\n<link rel=\"canonical\" href=\"https:\/\/usestavisa.com\/fr\/politique-en-matiere-de-cookies\/\" \/>\n<meta property=\"og:locale\" content=\"fr_FR\" \/>\n<meta property=\"og:type\" content=\"article\" \/>\n<meta property=\"og:title\" content=\"Cookie Policy - US ESTA Application | usestavisa.com\" \/>\n<meta property=\"og:description\" content=\"Cookie Policy Apr 02, 2024 https:\/\/usestavisa.com is committed to protecting your privacy online. What information do we collect? We collect information Everything you need to know about the US ESTA visa waiver program. Apply online, check requirements &amp; processing times.\" \/>\n<meta property=\"og:url\" content=\"https:\/\/usestavisa.com\/fr\/politique-en-matiere-de-cookies\/\" \/>\n<meta property=\"og:site_name\" content=\"US ESTA VISA\" \/>\n<meta name=\"twitter:card\" content=\"summary_large_image\" \/>\n<meta name=\"twitter:label1\" content=\"Dur\u00e9e de lecture estim\u00e9e\" \/>\n\t<meta name=\"twitter:data1\" content=\"1 minute\" \/>\n<script type=\"application\/ld+json\" class=\"yoast-schema-graph\">{\"@context\":\"https:\/\/schema.org\",\"@graph\":[{\"@type\":\"WebPage\",\"@id\":\"https:\/\/usestavisa.com\/cookie-policy\/\",\"url\":\"https:\/\/usestavisa.com\/cookie-policy\/\",\"name\":\"Cookie Policy - US ESTA Application | usestavisa.com\",\"isPartOf\":{\"@id\":\"https:\/\/usestavisa.com\/#website\"},\"datePublished\":\"2024-06-18T11:43:09+00:00\",\"description\":\"Cookie Policy Apr 02, 2024 https:\/\/usestavisa.com is committed to protecting your privacy online. What information do we collect? We collect information Everything you need to know about the US ESTA visa waiver program. Apply online, check requirements & processing times.\",\"breadcrumb\":{\"@id\":\"https:\/\/usestavisa.com\/cookie-policy\/#breadcrumb\"},\"inLanguage\":\"fr-FR\",\"potentialAction\":[{\"@type\":\"ReadAction\",\"target\":[\"https:\/\/usestavisa.com\/cookie-policy\/\"]}]},{\"@type\":\"BreadcrumbList\",\"@id\":\"https:\/\/usestavisa.com\/cookie-policy\/#breadcrumb\",\"itemListElement\":[{\"@type\":\"ListItem\",\"position\":1,\"name\":\"Home\",\"item\":\"https:\/\/usestavisa.com\/\"},{\"@type\":\"ListItem\",\"position\":2,\"name\":\"Cookie Policy\"}]},{\"@type\":\"WebSite\",\"@id\":\"https:\/\/usestavisa.com\/#website\",\"url\":\"https:\/\/usestavisa.com\/\",\"name\":\"US ESTA Visa Guide\",\"description\":\"US ESTA Application Guide 2026 | Visa Waiver Program\",\"publisher\":{\"@id\":\"https:\/\/usestavisa.com\/#organization\"},\"alternateName\":\"Traveling to the USA\",\"potentialAction\":[{\"@type\":\"SearchAction\",\"target\":{\"@type\":\"EntryPoint\",\"urlTemplate\":\"https:\/\/usestavisa.com\/?s={search_term_string}\"},\"query-input\":{\"@type\":\"PropertyValueSpecification\",\"valueRequired\":true,\"valueName\":\"search_term_string\"}}],\"inLanguage\":\"fr-FR\"},{\"@type\":\"Organization\",\"@id\":\"https:\/\/usestavisa.com\/#organization\",\"name\":\"US ESTA Visa Guide\",\"url\":\"https:\/\/usestavisa.com\/\",\"logo\":{\"@type\":\"ImageObject\",\"inLanguage\":\"fr-FR\",\"@id\":\"https:\/\/usestavisa.com\/#\/schema\/logo\/image\/\",\"url\":\"https:\/\/usestavisa.com\/wp-content\/uploads\/2024\/06\/logo-1.png\",\"contentUrl\":\"https:\/\/usestavisa.com\/wp-content\/uploads\/2024\/06\/logo-1.png\",\"width\":424,\"height\":146,\"caption\":\"US ESTA Visa Guide\"},\"image\":{\"@id\":\"https:\/\/usestavisa.com\/#\/schema\/logo\/image\/\"}}]}<\/script>\n<!-- \/ Yoast SEO plugin. -->","yoast_head_json":{"title":"Cookie Policy - US ESTA Application | usestavisa.com","description":"Cookie Policy Apr 02, 2024 https:\/\/usestavisa.com is committed to protecting your privacy online. What information do we collect? We collect information Everything you need to know about the US ESTA visa waiver program. Apply online, check requirements & processing times.","robots":{"index":"index","follow":"follow","max-snippet":"max-snippet:-1","max-image-preview":"max-image-preview:large","max-video-preview":"max-video-preview:-1"},"canonical":"https:\/\/usestavisa.com\/fr\/politique-en-matiere-de-cookies\/","og_locale":"fr_FR","og_type":"article","og_title":"Cookie Policy - US ESTA Application | usestavisa.com","og_description":"Cookie Policy Apr 02, 2024 https:\/\/usestavisa.com is committed to protecting your privacy online. What information do we collect? We collect information Everything you need to know about the US ESTA visa waiver program. Apply online, check requirements & processing times.","og_url":"https:\/\/usestavisa.com\/fr\/politique-en-matiere-de-cookies\/","og_site_name":"US ESTA VISA","twitter_card":"summary_large_image","twitter_misc":{"Dur\u00e9e de lecture estim\u00e9e":"1 minute"},"schema":{"@context":"https:\/\/schema.org","@graph":[{"@type":"WebPage","@id":"https:\/\/usestavisa.com\/cookie-policy\/","url":"https:\/\/usestavisa.com\/cookie-policy\/","name":"Cookie Policy - US ESTA Application | usestavisa.com","isPartOf":{"@id":"https:\/\/usestavisa.com\/#website"},"datePublished":"2024-06-18T11:43:09+00:00","description":"Cookie Policy Apr 02, 2024 https:\/\/usestavisa.com is committed to protecting your privacy online. What information do we collect? We collect information Everything you need to know about the US ESTA visa waiver program. Apply online, check requirements & processing times.","breadcrumb":{"@id":"https:\/\/usestavisa.com\/cookie-policy\/#breadcrumb"},"inLanguage":"fr-FR","potentialAction":[{"@type":"ReadAction","target":["https:\/\/usestavisa.com\/cookie-policy\/"]}]},{"@type":"BreadcrumbList","@id":"https:\/\/usestavisa.com\/cookie-policy\/#breadcrumb","itemListElement":[{"@type":"ListItem","position":1,"name":"Home","item":"https:\/\/usestavisa.com\/"},{"@type":"ListItem","position":2,"name":"Cookie Policy"}]},{"@type":"WebSite","@id":"https:\/\/usestavisa.com\/#website","url":"https:\/\/usestavisa.com\/","name":"US ESTA Visa Guide","description":"US ESTA Application Guide 2026 | Visa Waiver Program","publisher":{"@id":"https:\/\/usestavisa.com\/#organization"},"alternateName":"Traveling to the USA","potentialAction":[{"@type":"SearchAction","target":{"@type":"EntryPoint","urlTemplate":"https:\/\/usestavisa.com\/?s={search_term_string}"},"query-input":{"@type":"PropertyValueSpecification","valueRequired":true,"valueName":"search_term_string"}}],"inLanguage":"fr-FR"},{"@type":"Organization","@id":"https:\/\/usestavisa.com\/#organization","name":"US ESTA Visa Guide","url":"https:\/\/usestavisa.com\/","logo":{"@type":"ImageObject","inLanguage":"fr-FR","@id":"https:\/\/usestavisa.com\/#\/schema\/logo\/image\/","url":"https:\/\/usestavisa.com\/wp-content\/uploads\/2024\/06\/logo-1.png","contentUrl":"https:\/\/usestavisa.com\/wp-content\/uploads\/2024\/06\/logo-1.png","width":424,"height":146,"caption":"US ESTA Visa Guide"},"image":{"@id":"https:\/\/usestavisa.com\/#\/schema\/logo\/image\/"}}]}},"_links":{"self":[{"href":"https:\/\/usestavisa.com\/fr\/wp-json\/wp\/v2\/pages\/303","targetHints":{"allow":["GET"]}}],"collection":[{"href":"https:\/\/usestavisa.com\/fr\/wp-json\/wp\/v2\/pages"}],"about":[{"href":"https:\/\/usestavisa.com\/fr\/wp-json\/wp\/v2\/types\/page"}],"author":[{"embeddable":true,"href":"https:\/\/usestavisa.com\/fr\/wp-json\/wp\/v2\/users\/2"}],"replies":[{"embeddable":true,"href":"https:\/\/usestavisa.com\/fr\/wp-json\/wp\/v2\/comments?post=303"}],"version-history":[{"count":0,"href":"https:\/\/usestavisa.com\/fr\/wp-json\/wp\/v2\/pages\/303\/revisions"}],"wp:attachment":[{"href":"https:\/\/usestavisa.com\/fr\/wp-json\/wp\/v2\/media?parent=303"}],"curies":[{"name":"wp","href":"https:\/\/api.w.org\/{rel}","templated":true}]}}