{"id":308,"date":"2024-06-18T11:43:09","date_gmt":"2024-06-18T11:43:09","guid":{"rendered":"https:\/\/usestavisa.com\/imprint\/"},"modified":"2024-06-18T12:00:15","modified_gmt":"2024-06-18T12:00:15","slug":"imprint","status":"publish","type":"page","link":"https:\/\/usestavisa.com\/cs\/otisk\/","title":{"rendered":"Otisk"},"content":{"rendered":"<p><strong>Odpov\u011bdnost za obsah<\/strong><\/p>\n<p>Podstata na\u0161ich str\u00e1nek byla vytvo\u0159ena s nejv\u011bt\u0161\u00ed pe\u010dlivost\u00ed. V \u017e\u00e1dn\u00e9m p\u0159\u00edpad\u011b v\u0161ak nem\u016f\u017eeme zaru\u010dit p\u0159esnost, spln\u011bn\u00ed ani aktu\u00e1lnost l\u00e1tky. Jak je uvedeno v z\u00e1konn\u00fdch ujedn\u00e1n\u00edch, neseme krom\u011b toho odpov\u011bdnost za vlastn\u00ed l\u00e1tku na t\u011bchto str\u00e1nk\u00e1ch. Za t\u00e9to jedine\u010dn\u00e9 okolnosti, pokud to nen\u00ed p\u0159\u00edli\u0161 velk\u00fd probl\u00e9m, upozor\u0148ujeme, \u017ee stejn\u011b tak nejsme povinni prov\u011b\u0159ovat jednodu\u0161e p\u0159en\u00e1\u0161en\u00e1 nebo u\u0161et\u0159en\u00e1 data ciz\u00edch osob nebo v\u00fdzkumn\u00e9 podm\u00ednky nazna\u010duj\u00edc\u00ed krimin\u00e1ln\u00ed chov\u00e1n\u00ed. Na\u0161e z\u00e1vazky k vyklizen\u00ed nebo znemo\u017en\u011bn\u00ed vyu\u017eit\u00ed \u00fadaj\u016f podle v\u011bt\u0161iny p\u0159\u00edslu\u0161n\u00fdch z\u00e1kon\u016f z\u016fst\u00e1vaj\u00ed podle \u00a7\u00a7 8 a\u017e 10 z\u00e1kona o telem\u00e9di\u00edch (TMG) nedot\u010deny.<\/p>\n<p><strong>Odpov\u011bdnost za spoje<\/strong><\/p>\n<p>Povinnost t\u00fdkaj\u00edc\u00ed se obsahu extern\u00edch p\u0159ipojen\u00ed (na str\u00e1nky ciz\u00edch u\u017eivatel\u016f) le\u017e\u00ed v\u00fdhradn\u011b na spr\u00e1vc\u00edch p\u0159ipojen\u00fdch str\u00e1nek. V hodin\u011b p\u0159ipojen\u00ed n\u00e1m nebylo jasn\u00e9 \u017e\u00e1dn\u00e9 poru\u0161en\u00ed. Pokud se o jak\u00e9mkoli protipr\u00e1vn\u00edm z\u00e1sahu dozv\u00edme, okam\u017eit\u011b jednotliv\u00e9 p\u0159ipojen\u00ed vylou\u010d\u00edme.<\/p>\n<p>Obecn\u011b lze \u0159\u00edci, \u017ee standard v\u00fdchoz\u00edho bodu, jak je uveden v \u00a7 3 Abs. 1 TMG, co\u017e znamen\u00e1, \u017ee vn\u011bj\u0161\u00ed sdru\u017een\u00ed nejsou z\u00e1visl\u00e1 na p\u0159edpokladu ryt\u00ed. V ka\u017ed\u00e9m p\u0159\u00edpad\u011b \u010detn\u00e1 sdru\u017een\u00ed nemaj\u00ed nejmen\u0161\u00ed tu\u0161en\u00ed o tom, \u017ee obchodn\u00ed prostor ve Spojen\u00fdch st\u00e1tech (pracovn\u00ed prostor ve spolupracuj\u00edc\u00edm prostoru je od nyn\u011bj\u0161ka dosta\u010duj\u00edc\u00ed) vy\u017eaduje z\u00e1vazek ryt\u00ed. Tot\u00e9\u017e plat\u00ed v p\u0159\u00edpad\u011b, \u017ee extern\u00ed asociace sv\u00fdmi str\u00e1nkami p\u0159\u00edmo oslovuje anglick\u00fd trh, nap\u0159\u00edklad efektivn\u011b z\u00edsk\u00e1v\u00e1 klienty ve Spojen\u00fdch st\u00e1tech. Pro tuto situaci mus\u00ed doty\u010dn\u00e9 sdru\u017een\u00ed zp\u0159\u00edstupnit grav\u00edrov\u00e1n\u00ed vzhledem k tomu, \u017ee angli\u010dt\u00ed kupuj\u00edc\u00ed maj\u00ed - jak uv\u00e1d\u00ed rozsudek m\u00edstn\u00edho soudu New York a.M. (rozsudek ze dne 28.3.2003, Az. 3-12 O 151\/02) - z\u00e1jem v\u011bd\u011bt, na jak\u00e9m pr\u00e1vu je vzd\u00e1len\u00e9 sdru\u017een\u00ed z\u00e1visl\u00e9, kdo p\u0159esn\u011b je kontaktn\u00ed osobou a jak\u00e9 existuj\u00ed organiza\u010dn\u00ed vazby.<\/p>","protected":false},"excerpt":{"rendered":"<p>Odpov\u011bdnost za obsah Obsah na\u0161ich str\u00e1nek byl vytvo\u0159en s maxim\u00e1ln\u00ed pe\u010dlivost\u00ed. V \u017e\u00e1dn\u00e9m p\u0159\u00edpad\u011b v\u0161ak nem\u016f\u017eeme zaru\u010dit p\u0159esnost, napln\u011bn\u00ed ani aktu\u00e1lnost obsahu. Jak je uvedeno v z\u00e1konn\u00fdch ujedn\u00e1n\u00edch, neseme krom\u011b toho odpov\u011bdnost za vlastn\u00ed l\u00e1tku na t\u011bchto str\u00e1nk\u00e1ch. Za t\u011bchto jedine\u010dn\u00fdch okolnost\u00ed, pokud v\u00e1m to ned\u011bl\u00e1 p\u0159\u00edli\u0161 velk\u00e9 pot\u00ed\u017ee...<\/p>","protected":false},"author":2,"featured_media":0,"parent":0,"menu_order":0,"comment_status":"closed","ping_status":"closed","template":"","meta":{"footnotes":""},"class_list":["post-308","page","type-page","status-publish","hentry"],"yoast_head":"<!-- This site is optimized with the Yoast SEO plugin v27.1.1 - https:\/\/yoast.com\/product\/yoast-seo-wordpress\/ -->\n<title>Imprint - US ESTA Application | usestavisa.com<\/title>\n<meta name=\"description\" content=\"Responsibility for content The substance of our pages have been made with the most extreme consideration. In any case, we can\u2019t ensure the substance\u2019s Everything you need to know about the US ESTA visa waiver program. Apply online, check requirements &amp; processing times.\" \/>\n<meta name=\"robots\" content=\"index, follow, max-snippet:-1, max-image-preview:large, max-video-preview:-1\" \/>\n<link rel=\"canonical\" href=\"https:\/\/usestavisa.com\/cs\/otisk\/\" \/>\n<meta property=\"og:locale\" content=\"cs_CZ\" \/>\n<meta property=\"og:type\" content=\"article\" \/>\n<meta property=\"og:title\" content=\"Imprint - US ESTA Application | usestavisa.com\" \/>\n<meta property=\"og:description\" content=\"Responsibility for content The substance of our pages have been made with the most extreme consideration. In any case, we can\u2019t ensure the substance\u2019s Everything you need to know about the US ESTA visa waiver program. Apply online, check requirements &amp; processing times.\" \/>\n<meta property=\"og:url\" content=\"https:\/\/usestavisa.com\/cs\/otisk\/\" \/>\n<meta property=\"og:site_name\" content=\"US ESTA VISA\" \/>\n<meta property=\"article:modified_time\" content=\"2024-06-18T12:00:15+00:00\" \/>\n<meta name=\"twitter:card\" content=\"summary_large_image\" \/>\n<meta name=\"twitter:label1\" content=\"Odhadovan\u00e1 doba \u010dten\u00ed\" \/>\n\t<meta name=\"twitter:data1\" content=\"2 minuty\" \/>\n<script type=\"application\/ld+json\" class=\"yoast-schema-graph\">{\"@context\":\"https:\/\/schema.org\",\"@graph\":[{\"@type\":\"WebPage\",\"@id\":\"https:\/\/usestavisa.com\/imprint\/\",\"url\":\"https:\/\/usestavisa.com\/imprint\/\",\"name\":\"Imprint - US ESTA Application | usestavisa.com\",\"isPartOf\":{\"@id\":\"https:\/\/usestavisa.com\/#website\"},\"datePublished\":\"2024-06-18T11:43:09+00:00\",\"dateModified\":\"2024-06-18T12:00:15+00:00\",\"description\":\"Responsibility for content The substance of our pages have been made with the most extreme consideration. In any case, we can\u2019t ensure the substance\u2019s Everything you need to know about the US ESTA visa waiver program. Apply online, check requirements & processing times.\",\"breadcrumb\":{\"@id\":\"https:\/\/usestavisa.com\/imprint\/#breadcrumb\"},\"inLanguage\":\"cs\",\"potentialAction\":[{\"@type\":\"ReadAction\",\"target\":[\"https:\/\/usestavisa.com\/imprint\/\"]}]},{\"@type\":\"BreadcrumbList\",\"@id\":\"https:\/\/usestavisa.com\/imprint\/#breadcrumb\",\"itemListElement\":[{\"@type\":\"ListItem\",\"position\":1,\"name\":\"Home\",\"item\":\"https:\/\/usestavisa.com\/\"},{\"@type\":\"ListItem\",\"position\":2,\"name\":\"Imprint\"}]},{\"@type\":\"WebSite\",\"@id\":\"https:\/\/usestavisa.com\/#website\",\"url\":\"https:\/\/usestavisa.com\/\",\"name\":\"US ESTA Visa Guide\",\"description\":\"US ESTA Application Guide 2026 | Visa Waiver Program\",\"publisher\":{\"@id\":\"https:\/\/usestavisa.com\/#organization\"},\"alternateName\":\"Traveling to the USA\",\"potentialAction\":[{\"@type\":\"SearchAction\",\"target\":{\"@type\":\"EntryPoint\",\"urlTemplate\":\"https:\/\/usestavisa.com\/?s={search_term_string}\"},\"query-input\":{\"@type\":\"PropertyValueSpecification\",\"valueRequired\":true,\"valueName\":\"search_term_string\"}}],\"inLanguage\":\"cs\"},{\"@type\":\"Organization\",\"@id\":\"https:\/\/usestavisa.com\/#organization\",\"name\":\"US ESTA Visa Guide\",\"url\":\"https:\/\/usestavisa.com\/\",\"logo\":{\"@type\":\"ImageObject\",\"inLanguage\":\"cs\",\"@id\":\"https:\/\/usestavisa.com\/#\/schema\/logo\/image\/\",\"url\":\"https:\/\/usestavisa.com\/wp-content\/uploads\/2024\/06\/logo-1.png\",\"contentUrl\":\"https:\/\/usestavisa.com\/wp-content\/uploads\/2024\/06\/logo-1.png\",\"width\":424,\"height\":146,\"caption\":\"US ESTA Visa Guide\"},\"image\":{\"@id\":\"https:\/\/usestavisa.com\/#\/schema\/logo\/image\/\"}}]}<\/script>\n<!-- \/ Yoast SEO plugin. -->","yoast_head_json":{"title":"Imprint - US ESTA Application | usestavisa.com","description":"Responsibility for content The substance of our pages have been made with the most extreme consideration. In any case, we can\u2019t ensure the substance\u2019s Everything you need to know about the US ESTA visa waiver program. Apply online, check requirements & processing times.","robots":{"index":"index","follow":"follow","max-snippet":"max-snippet:-1","max-image-preview":"max-image-preview:large","max-video-preview":"max-video-preview:-1"},"canonical":"https:\/\/usestavisa.com\/cs\/otisk\/","og_locale":"cs_CZ","og_type":"article","og_title":"Imprint - US ESTA Application | usestavisa.com","og_description":"Responsibility for content The substance of our pages have been made with the most extreme consideration. In any case, we can\u2019t ensure the substance\u2019s Everything you need to know about the US ESTA visa waiver program. Apply online, check requirements & processing times.","og_url":"https:\/\/usestavisa.com\/cs\/otisk\/","og_site_name":"US ESTA VISA","article_modified_time":"2024-06-18T12:00:15+00:00","twitter_card":"summary_large_image","twitter_misc":{"Odhadovan\u00e1 doba \u010dten\u00ed":"2 minuty"},"schema":{"@context":"https:\/\/schema.org","@graph":[{"@type":"WebPage","@id":"https:\/\/usestavisa.com\/imprint\/","url":"https:\/\/usestavisa.com\/imprint\/","name":"Imprint - US ESTA Application | usestavisa.com","isPartOf":{"@id":"https:\/\/usestavisa.com\/#website"},"datePublished":"2024-06-18T11:43:09+00:00","dateModified":"2024-06-18T12:00:15+00:00","description":"Responsibility for content The substance of our pages have been made with the most extreme consideration. In any case, we can\u2019t ensure the substance\u2019s Everything you need to know about the US ESTA visa waiver program. Apply online, check requirements & processing times.","breadcrumb":{"@id":"https:\/\/usestavisa.com\/imprint\/#breadcrumb"},"inLanguage":"cs","potentialAction":[{"@type":"ReadAction","target":["https:\/\/usestavisa.com\/imprint\/"]}]},{"@type":"BreadcrumbList","@id":"https:\/\/usestavisa.com\/imprint\/#breadcrumb","itemListElement":[{"@type":"ListItem","position":1,"name":"Home","item":"https:\/\/usestavisa.com\/"},{"@type":"ListItem","position":2,"name":"Imprint"}]},{"@type":"WebSite","@id":"https:\/\/usestavisa.com\/#website","url":"https:\/\/usestavisa.com\/","name":"US ESTA Visa Guide","description":"US ESTA Application Guide 2026 | Visa Waiver Program","publisher":{"@id":"https:\/\/usestavisa.com\/#organization"},"alternateName":"Traveling to the USA","potentialAction":[{"@type":"SearchAction","target":{"@type":"EntryPoint","urlTemplate":"https:\/\/usestavisa.com\/?s={search_term_string}"},"query-input":{"@type":"PropertyValueSpecification","valueRequired":true,"valueName":"search_term_string"}}],"inLanguage":"cs"},{"@type":"Organization","@id":"https:\/\/usestavisa.com\/#organization","name":"US ESTA Visa Guide","url":"https:\/\/usestavisa.com\/","logo":{"@type":"ImageObject","inLanguage":"cs","@id":"https:\/\/usestavisa.com\/#\/schema\/logo\/image\/","url":"https:\/\/usestavisa.com\/wp-content\/uploads\/2024\/06\/logo-1.png","contentUrl":"https:\/\/usestavisa.com\/wp-content\/uploads\/2024\/06\/logo-1.png","width":424,"height":146,"caption":"US ESTA Visa Guide"},"image":{"@id":"https:\/\/usestavisa.com\/#\/schema\/logo\/image\/"}}]}},"_links":{"self":[{"href":"https:\/\/usestavisa.com\/cs\/wp-json\/wp\/v2\/pages\/308","targetHints":{"allow":["GET"]}}],"collection":[{"href":"https:\/\/usestavisa.com\/cs\/wp-json\/wp\/v2\/pages"}],"about":[{"href":"https:\/\/usestavisa.com\/cs\/wp-json\/wp\/v2\/types\/page"}],"author":[{"embeddable":true,"href":"https:\/\/usestavisa.com\/cs\/wp-json\/wp\/v2\/users\/2"}],"replies":[{"embeddable":true,"href":"https:\/\/usestavisa.com\/cs\/wp-json\/wp\/v2\/comments?post=308"}],"version-history":[{"count":4,"href":"https:\/\/usestavisa.com\/cs\/wp-json\/wp\/v2\/pages\/308\/revisions"}],"predecessor-version":[{"id":375,"href":"https:\/\/usestavisa.com\/cs\/wp-json\/wp\/v2\/pages\/308\/revisions\/375"}],"wp:attachment":[{"href":"https:\/\/usestavisa.com\/cs\/wp-json\/wp\/v2\/media?parent=308"}],"curies":[{"name":"wp","href":"https:\/\/api.w.org\/{rel}","templated":true}]}}